{"id":403,"date":"2016-12-08T15:21:29","date_gmt":"2016-12-08T14:21:29","guid":{"rendered":"http:\/\/www.divers-craft.ch\/?page_id=29"},"modified":"2024-11-17T16:26:31","modified_gmt":"2024-11-17T16:26:31","slug":"craft-beer","status":"publish","type":"page","link":"https:\/\/www.divers-craft.ch\/pike\/","title":{"rendered":"CRAFT BEER"},"content":{"rendered":"<div id=\"pl-403\"  class=\"panel-layout\" ><div id=\"pg-403-0\"  class=\"panel-grid panel-has-style\" ><div style=\"background-color: #eee3db; color: #dbc2a4; \" class=\"panel-row-style panel-row-style-for-403-0\" ><div id=\"pgc-403-0-0\"  class=\"panel-grid-cell\" >\t\t<section id=\"latest-news\" class=\"latest-news-area\">\r\n\t\t\t<div class=\"container\">\r\n\t\t\t\t<h3 class=\"widget-title\"><span class=\"wow bounce\">Diver\u2019s Dekostopp<\/span><\/h3>\t\t\t\t<div class=\"clearfix\">\r\n\t\t\t\t\t\t\t\t\t\t\t<div class=\"blog-post col-md-4 col-sm-6 col-xs-6\">\r\n\t\t\t\t\t\t\t\t\t\t\t\t\t\t\t<div class=\"entry-thumb wow fadeInDown\">\r\n\t\t\t\t\t\t\t\t\t<a href=\"https:\/\/www.divers-craft.ch\/pike\/citadelle-white-rabbit\/\" title=\"Citadelle | White Rabbit\" >\r\n\t\t\t\t\t\t\t\t\t\t<img loading=\"lazy\" decoding=\"async\" width=\"400\" height=\"300\" src=\"https:\/\/www.divers-craft.ch\/pike\/wp-content\/uploads\/2024\/11\/bg_artikelWhiteRabbit-1-400x300.jpg\" class=\"attachment-moesia-news-thumb size-moesia-news-thumb wp-post-image\" alt=\"\" srcset=\"https:\/\/www.divers-craft.ch\/pike\/wp-content\/uploads\/2024\/11\/bg_artikelWhiteRabbit-1-400x300.jpg 400w, https:\/\/www.divers-craft.ch\/pike\/wp-content\/uploads\/2024\/11\/bg_artikelWhiteRabbit-1-300x225.jpg 300w, https:\/\/www.divers-craft.ch\/pike\/wp-content\/uploads\/2024\/11\/bg_artikelWhiteRabbit-1-768x576.jpg 768w, https:\/\/www.divers-craft.ch\/pike\/wp-content\/uploads\/2024\/11\/bg_artikelWhiteRabbit-1-750x563.jpg 750w, https:\/\/www.divers-craft.ch\/pike\/wp-content\/uploads\/2024\/11\/bg_artikelWhiteRabbit-1-430x323.jpg 430w, https:\/\/www.divers-craft.ch\/pike\/wp-content\/uploads\/2024\/11\/bg_artikelWhiteRabbit-1-150x113.jpg 150w, https:\/\/www.divers-craft.ch\/pike\/wp-content\/uploads\/2024\/11\/bg_artikelWhiteRabbit-1-100x75.jpg 100w, https:\/\/www.divers-craft.ch\/pike\/wp-content\/uploads\/2024\/11\/bg_artikelWhiteRabbit-1.jpg 800w\" sizes=\"auto, (max-width: 400px) 100vw, 400px\" \/>\t\t\t\t\t\t\t\t\t<\/a>\t\t\t\r\n\t\t\t\t\t\t\t\t<\/div>\t\r\n\t\t\t\t\t\t\t\t\t\t\t\t\t\r\n\t\t\t\t\t\t\t<h4 class=\"entry-title\"><a href=\"https:\/\/www.divers-craft.ch\/pike\/citadelle-white-rabbit\/\" rel=\"bookmark\">Citadelle | White Rabbit<\/a><\/h4>\t\t\t\t\t\t\t<div class=\"entry-summary wow fadeInUp\"><p>Das \u00abCitadelle \u2013 White Rabbit\u00bb\u00a0ist das weltweit erste mit PoWer produzierte Bier! Die w\u00e4hrend dem gesamten Brauprozess ben\u00f6tigten Kochtemperaturen werden mit der Abw\u00e4rme vom Bitcoin-Mining geregelt: \u00abCitadelle | White Rabbit\u00bb [&hellip;]<\/p>\n<\/div>\r\n\t\t\t\t\t\t<\/div>\r\n\t\t\t\t\t\t\t\t\t\t\t<div class=\"blog-post col-md-4 col-sm-6 col-xs-6\">\r\n\t\t\t\t\t\t\t\t\t\t\t\t\t\t\t<div class=\"entry-thumb wow fadeInDown\">\r\n\t\t\t\t\t\t\t\t\t<a href=\"https:\/\/www.divers-craft.ch\/pike\/divers-pike-stream\/\" title=\"Diver\u2019s Pike | Stream\" >\r\n\t\t\t\t\t\t\t\t\t\t<img loading=\"lazy\" decoding=\"async\" width=\"400\" height=\"300\" src=\"https:\/\/www.divers-craft.ch\/pike\/wp-content\/uploads\/2016\/12\/bg_artikelStream-400x300.jpg\" class=\"attachment-moesia-news-thumb size-moesia-news-thumb wp-post-image\" alt=\"\" srcset=\"https:\/\/www.divers-craft.ch\/pike\/wp-content\/uploads\/2016\/12\/bg_artikelStream-400x300.jpg 400w, https:\/\/www.divers-craft.ch\/pike\/wp-content\/uploads\/2016\/12\/bg_artikelStream-300x225.jpg 300w, https:\/\/www.divers-craft.ch\/pike\/wp-content\/uploads\/2016\/12\/bg_artikelStream-768x576.jpg 768w, https:\/\/www.divers-craft.ch\/pike\/wp-content\/uploads\/2016\/12\/bg_artikelStream-750x563.jpg 750w, https:\/\/www.divers-craft.ch\/pike\/wp-content\/uploads\/2016\/12\/bg_artikelStream-430x323.jpg 430w, https:\/\/www.divers-craft.ch\/pike\/wp-content\/uploads\/2016\/12\/bg_artikelStream-150x113.jpg 150w, https:\/\/www.divers-craft.ch\/pike\/wp-content\/uploads\/2016\/12\/bg_artikelStream-100x75.jpg 100w, https:\/\/www.divers-craft.ch\/pike\/wp-content\/uploads\/2016\/12\/bg_artikelStream.jpg 800w\" sizes=\"auto, (max-width: 400px) 100vw, 400px\" \/>\t\t\t\t\t\t\t\t\t<\/a>\t\t\t\r\n\t\t\t\t\t\t\t\t<\/div>\t\r\n\t\t\t\t\t\t\t\t\t\t\t\t\t\r\n\t\t\t\t\t\t\t<h4 class=\"entry-title\"><a href=\"https:\/\/www.divers-craft.ch\/pike\/divers-pike-stream\/\" rel=\"bookmark\">Diver\u2019s Pike | Stream<\/a><\/h4>\t\t\t\t\t\t\t<div class=\"entry-summary wow fadeInUp\"><p>Ein klares, hell schimmerndes und leichtes Bier, mit feinperliger, weisser Krone: \u00abDiver\u2019s Pike | Stream\u00bb ist ein Versprechen f\u00fcr laue Sommerabende! Es \u00fcberrascht mit einer angenehm, erfrischend zitronigen Note. \u00abDiver\u2019s [&hellip;]<\/p>\n<\/div>\r\n\t\t\t\t\t\t<\/div>\r\n\t\t\t\t\t\t\t\t\t\t\t<div class=\"blog-post col-md-4 col-sm-6 col-xs-6\">\r\n\t\t\t\t\t\t\t\t\t\t\t\t\t\t\t<div class=\"entry-thumb wow fadeInDown\">\r\n\t\t\t\t\t\t\t\t\t<a href=\"https:\/\/www.divers-craft.ch\/pike\/divers-pike-ipa\/\" title=\"Diver\u2019s Pike | River\" >\r\n\t\t\t\t\t\t\t\t\t\t<img loading=\"lazy\" decoding=\"async\" width=\"400\" height=\"300\" src=\"https:\/\/www.divers-craft.ch\/pike\/wp-content\/uploads\/2016\/12\/bg_artikelRiver-1-400x300.jpg\" class=\"attachment-moesia-news-thumb size-moesia-news-thumb wp-post-image\" alt=\"\" srcset=\"https:\/\/www.divers-craft.ch\/pike\/wp-content\/uploads\/2016\/12\/bg_artikelRiver-1-400x300.jpg 400w, https:\/\/www.divers-craft.ch\/pike\/wp-content\/uploads\/2016\/12\/bg_artikelRiver-1-300x225.jpg 300w, https:\/\/www.divers-craft.ch\/pike\/wp-content\/uploads\/2016\/12\/bg_artikelRiver-1-768x576.jpg 768w, https:\/\/www.divers-craft.ch\/pike\/wp-content\/uploads\/2016\/12\/bg_artikelRiver-1-750x563.jpg 750w, https:\/\/www.divers-craft.ch\/pike\/wp-content\/uploads\/2016\/12\/bg_artikelRiver-1-430x323.jpg 430w, https:\/\/www.divers-craft.ch\/pike\/wp-content\/uploads\/2016\/12\/bg_artikelRiver-1-150x113.jpg 150w, https:\/\/www.divers-craft.ch\/pike\/wp-content\/uploads\/2016\/12\/bg_artikelRiver-1-100x75.jpg 100w, https:\/\/www.divers-craft.ch\/pike\/wp-content\/uploads\/2016\/12\/bg_artikelRiver-1.jpg 800w\" sizes=\"auto, (max-width: 400px) 100vw, 400px\" \/>\t\t\t\t\t\t\t\t\t<\/a>\t\t\t\r\n\t\t\t\t\t\t\t\t<\/div>\t\r\n\t\t\t\t\t\t\t\t\t\t\t\t\t\r\n\t\t\t\t\t\t\t<h4 class=\"entry-title\"><a href=\"https:\/\/www.divers-craft.ch\/pike\/divers-pike-ipa\/\" rel=\"bookmark\">Diver\u2019s Pike | River<\/a><\/h4>\t\t\t\t\t\t\t<div class=\"entry-summary wow fadeInUp\"><p>Die honiggelbe Farbe und die ausgepr\u00e4gt blumige Note, machen Lust auf mehr: Durch das erfrischend, harmonisch hopfige Aroma entfaltet sich eine herrlich fruchtige Note. Das Bier \u00fcberzeugt durch eine feine [&hellip;]<\/p>\n<\/div>\r\n\t\t\t\t\t\t<\/div>\r\n\t\t\t\t\t\t\t\t\t\t\t<div class=\"blog-post col-md-4 col-sm-6 col-xs-6\">\r\n\t\t\t\t\t\t\t\t\t\t\t\t\t\t\t<div class=\"entry-thumb wow fadeInDown\">\r\n\t\t\t\t\t\t\t\t\t<a href=\"https:\/\/www.divers-craft.ch\/pike\/divers-pike-amberale\/\" title=\"Diver\u2019s Pike | Marsh\" >\r\n\t\t\t\t\t\t\t\t\t\t<img loading=\"lazy\" decoding=\"async\" width=\"400\" height=\"300\" src=\"https:\/\/www.divers-craft.ch\/pike\/wp-content\/uploads\/2016\/12\/bg_artikelMarsh-1-400x300.jpg\" class=\"attachment-moesia-news-thumb size-moesia-news-thumb wp-post-image\" alt=\"\" srcset=\"https:\/\/www.divers-craft.ch\/pike\/wp-content\/uploads\/2016\/12\/bg_artikelMarsh-1-400x300.jpg 400w, https:\/\/www.divers-craft.ch\/pike\/wp-content\/uploads\/2016\/12\/bg_artikelMarsh-1-300x225.jpg 300w, https:\/\/www.divers-craft.ch\/pike\/wp-content\/uploads\/2016\/12\/bg_artikelMarsh-1-768x576.jpg 768w, https:\/\/www.divers-craft.ch\/pike\/wp-content\/uploads\/2016\/12\/bg_artikelMarsh-1-750x563.jpg 750w, https:\/\/www.divers-craft.ch\/pike\/wp-content\/uploads\/2016\/12\/bg_artikelMarsh-1-430x323.jpg 430w, https:\/\/www.divers-craft.ch\/pike\/wp-content\/uploads\/2016\/12\/bg_artikelMarsh-1-150x113.jpg 150w, https:\/\/www.divers-craft.ch\/pike\/wp-content\/uploads\/2016\/12\/bg_artikelMarsh-1-100x75.jpg 100w, https:\/\/www.divers-craft.ch\/pike\/wp-content\/uploads\/2016\/12\/bg_artikelMarsh-1.jpg 800w\" sizes=\"auto, (max-width: 400px) 100vw, 400px\" \/>\t\t\t\t\t\t\t\t\t<\/a>\t\t\t\r\n\t\t\t\t\t\t\t\t<\/div>\t\r\n\t\t\t\t\t\t\t\t\t\t\t\t\t\r\n\t\t\t\t\t\t\t<h4 class=\"entry-title\"><a href=\"https:\/\/www.divers-craft.ch\/pike\/divers-pike-amberale\/\" rel=\"bookmark\">Diver\u2019s Pike | Marsh<\/a><\/h4>\t\t\t\t\t\t\t<div class=\"entry-summary wow fadeInUp\"><p>Die kristaline Bernsteinfarbe und feinperlige Krone verdienen einen grossen Auftritt: Das ausgepr\u00e4gte Hopfenaroma und der ausgewogen herbe Abgang machen das \u00abDiver\u2019s Pike | Marsh\u00bb zum Geheimtipp f\u00fcr Liebhaber ausdrucksstarker Biere! [&hellip;]<\/p>\n<\/div>\r\n\t\t\t\t\t\t<\/div>\r\n\t\t\t\t\t\t\t\t\t\t\t<div class=\"blog-post col-md-4 col-sm-6 col-xs-6\">\r\n\t\t\t\t\t\t\t\t\t\t\t\t\t\t\t<div class=\"entry-thumb wow fadeInDown\">\r\n\t\t\t\t\t\t\t\t\t<a href=\"https:\/\/www.divers-craft.ch\/pike\/microbrewery\/\" title=\"Proof Of Work.\" >\r\n\t\t\t\t\t\t\t\t\t\t<img loading=\"lazy\" decoding=\"async\" width=\"400\" height=\"269\" src=\"https:\/\/www.divers-craft.ch\/pike\/wp-content\/uploads\/2016\/12\/hop2-1-400x269.png\" class=\"attachment-moesia-news-thumb size-moesia-news-thumb wp-post-image\" alt=\"\" srcset=\"https:\/\/www.divers-craft.ch\/pike\/wp-content\/uploads\/2016\/12\/hop2-1-400x269.png 400w, https:\/\/www.divers-craft.ch\/pike\/wp-content\/uploads\/2016\/12\/hop2-1-300x201.png 300w, https:\/\/www.divers-craft.ch\/pike\/wp-content\/uploads\/2016\/12\/hop2-1-430x289.png 430w, https:\/\/www.divers-craft.ch\/pike\/wp-content\/uploads\/2016\/12\/hop2-1-150x101.png 150w, https:\/\/www.divers-craft.ch\/pike\/wp-content\/uploads\/2016\/12\/hop2-1-100x67.png 100w, https:\/\/www.divers-craft.ch\/pike\/wp-content\/uploads\/2016\/12\/hop2-1.png 670w\" sizes=\"auto, (max-width: 400px) 100vw, 400px\" \/>\t\t\t\t\t\t\t\t\t<\/a>\t\t\t\r\n\t\t\t\t\t\t\t\t<\/div>\t\r\n\t\t\t\t\t\t\t\t\t\t\t\t\t\r\n\t\t\t\t\t\t\t<h4 class=\"entry-title\"><a href=\"https:\/\/www.divers-craft.ch\/pike\/microbrewery\/\" rel=\"bookmark\">Proof Of Work.<\/a><\/h4>\t\t\t\t\t\t\t<div class=\"entry-summary wow fadeInUp\"><p>DIVER\u2019S ist die erste Brauerei weltweit, die w\u00e4hrend dem Brau- und Fermentationsprozess die Abw\u00e4rme aus dem Bitcoin-Mining nutzt, um so vollmundige und aromatische Biere zu brauen. Es handelt sich bei [&hellip;]<\/p>\n<\/div>\r\n\t\t\t\t\t\t<\/div>\r\n\t\t\t\t\t\t\t\t\t<\/div>\r\n\t\t\t\t\t\t\t\t\t\t\t\t<a href=\"https:\/\/www.divers-craft.ch\/pike\/microbrewery\/\" class=\"all-news\">\r\n\t\t\t\t\t\t\t\t\t\t\t\t\t\t\tAktuell\t\t\t\t\t\t\t\t\t<\/a>\r\n\t\t\t<\/div>\r\n\t\t\t\t\t\t\t\t\t\t\t\r\n\t\t<\/section>\t\t\r\n\t<\/div><\/div><\/div><div id=\"pg-403-1\"  class=\"panel-grid panel-has-style\" ><div style=\"background-color: #e5dac3; color: #e5dac3; background-image: url(http:\/\/www.divers-craft.ch\/wp-content\/uploads\/2016\/12\/divers-craft_TafelBGhome.jpg); \" class=\"panel-row-style panel-row-style-for-403-1\" ><div id=\"pgc-403-1-0\"  class=\"panel-grid-cell\" ><div id=\"panel-403-1-0-0\" class=\"so-panel widget widget_black-studio-tinymce widget_black_studio_tinymce panel-first-child panel-last-child\" data-index=\"1\" ><h3 class=\"widget-title\">Form<\/h3><div class=\"textwidget\"><p><style id=\"wpforms-css-vars-532\">\n\t\t\t\t#wpforms-532 {\n\t\t\t\t\n\t\t\t}\n\t\t\t<\/style><div class=\"wpforms-container wpforms-container-full wpforms-render-modern\" id=\"wpforms-532\"><form id=\"wpforms-form-532\" class=\"wpforms-validate wpforms-form wpforms-ajax-form\" data-formid=\"532\" method=\"post\" enctype=\"multipart\/form-data\" action=\"\/pike\/wp-json\/wp\/v2\/pages\/403\" data-token=\"2c74e8621888273457d9b30d7d46c537\" data-token-time=\"1775280718\"><noscript class=\"wpforms-error-noscript\">Bitte aktiviere JavaScript in deinem Browser, um dieses Formular fertigzustellen.<\/noscript><div id=\"wpforms-error-noscript\" style=\"display: none;\">Bitte aktiviere JavaScript in deinem Browser, um dieses Formular fertigzustellen.<\/div><div class=\"wpforms-field-container\"><div id=\"wpforms-532-field_1-container\" class=\"wpforms-field wpforms-field-name\" data-field-id=\"1\"><fieldset><legend class=\"wpforms-field-label\">Name <span class=\"wpforms-required-label\" aria-hidden=\"true\">*<\/span><\/legend><div class=\"wpforms-field-row wpforms-field-medium\"><div class=\"wpforms-field-row-block wpforms-first wpforms-one-half\"><input type=\"text\" id=\"wpforms-532-field_1\" class=\"wpforms-field-name-first wpforms-field-required\" name=\"wpforms[fields][1][first]\" aria-errormessage=\"wpforms-532-field_1-error\" required><label for=\"wpforms-532-field_1\" class=\"wpforms-field-sublabel after\">Vorname<\/label><\/div><div class=\"wpforms-field-row-block wpforms-one-half\"><input type=\"text\" id=\"wpforms-532-field_1-last\" class=\"wpforms-field-name-last wpforms-field-required\" name=\"wpforms[fields][1][last]\" aria-errormessage=\"wpforms-532-field_1-last-error\" required><label for=\"wpforms-532-field_1-last\" class=\"wpforms-field-sublabel after\">Nachname<\/label><\/div><\/div><\/fieldset><\/div><div id=\"wpforms-532-field_2-container\" class=\"wpforms-field wpforms-field-email\" data-field-id=\"2\"><label class=\"wpforms-field-label\" for=\"wpforms-532-field_2\">E-Mail-Adresse <span class=\"wpforms-required-label\" aria-hidden=\"true\">*<\/span><\/label><input type=\"email\" id=\"wpforms-532-field_2\" class=\"wpforms-field-medium wpforms-field-required\" name=\"wpforms[fields][2]\" spellcheck=\"false\" aria-errormessage=\"wpforms-532-field_2-error\" required><\/div>\t\t<div id=\"wpforms-532-field_4-container\"\n\t\t\tclass=\"wpforms-field wpforms-field-text\"\n\t\t\tdata-field-type=\"text\"\n\t\t\tdata-field-id=\"4\"\n\t\t\t>\n\t\t\t<label class=\"wpforms-field-label\" for=\"wpforms-532-field_4\" >Nachricht E-Mail-Adresse Name<\/label>\n\t\t\t<input type=\"text\" id=\"wpforms-532-field_4\" class=\"wpforms-field-medium\" name=\"wpforms[fields][4]\" >\n\t\t<\/div>\n\t\t<div id=\"wpforms-532-field_3-container\" class=\"wpforms-field wpforms-field-textarea\" data-field-id=\"3\"><label class=\"wpforms-field-label\" for=\"wpforms-532-field_3\">Kommentar oder Nachricht<\/label><textarea id=\"wpforms-532-field_3\" class=\"wpforms-field-medium\" name=\"wpforms[fields][3]\" aria-errormessage=\"wpforms-532-field_3-error\" ><\/textarea><\/div><script>\n\t\t\t\t( function() {\n\t\t\t\t\tconst style = document.createElement( 'style' );\n\t\t\t\t\tstyle.appendChild( document.createTextNode( '#wpforms-532-field_4-container { position: absolute !important; overflow: hidden !important; display: inline !important; height: 1px !important; width: 1px !important; z-index: -1000 !important; padding: 0 !important; } #wpforms-532-field_4-container input { visibility: hidden; } #wpforms-conversational-form-page #wpforms-532-field_4-container label { counter-increment: none; }' ) );\n\t\t\t\t\tdocument.head.appendChild( style );\n\t\t\t\t\tdocument.currentScript?.remove();\n\t\t\t\t} )();\n\t\t\t<\/script><\/div><!-- .wpforms-field-container --><div class=\"wpforms-submit-container\" ><input type=\"hidden\" name=\"wpforms[id]\" value=\"532\"><input type=\"hidden\" name=\"page_title\" value=\"\"><input type=\"hidden\" name=\"page_url\" value=\"https:\/\/www.divers-craft.ch\/pike\/wp-json\/wp\/v2\/pages\/403\"><input type=\"hidden\" name=\"url_referer\" value=\"\"><button type=\"submit\" name=\"wpforms[submit]\" id=\"wpforms-submit-532\" class=\"wpforms-submit\" data-alt-text=\"Wird gesendet\u00a0\u2026\" data-submit-text=\"Absenden\" aria-live=\"assertive\" value=\"wpforms-submit\">Absenden<\/button><img loading=\"lazy\" decoding=\"async\" src=\"https:\/\/www.divers-craft.ch\/pike\/wp-content\/plugins\/wpforms-lite\/assets\/images\/submit-spin.svg\" class=\"wpforms-submit-spinner\" style=\"display: none;\" width=\"26\" height=\"26\" alt=\"Wird geladen\"><\/div><\/form><\/div>  <!-- .wpforms-container --><\/p>\n<\/div><\/div><\/div><\/div><\/div><\/div>","protected":false},"excerpt":{"rendered":"<p>Form<\/p>\n","protected":false},"author":1,"featured_media":0,"parent":0,"menu_order":0,"comment_status":"closed","ping_status":"closed","template":"page_front-page.php","meta":{"footnotes":""},"class_list":["post-403","page","type-page","status-publish","hentry"],"_links":{"self":[{"href":"https:\/\/www.divers-craft.ch\/pike\/wp-json\/wp\/v2\/pages\/403","targetHints":{"allow":["GET"]}}],"collection":[{"href":"https:\/\/www.divers-craft.ch\/pike\/wp-json\/wp\/v2\/pages"}],"about":[{"href":"https:\/\/www.divers-craft.ch\/pike\/wp-json\/wp\/v2\/types\/page"}],"author":[{"embeddable":true,"href":"https:\/\/www.divers-craft.ch\/pike\/wp-json\/wp\/v2\/users\/1"}],"replies":[{"embeddable":true,"href":"https:\/\/www.divers-craft.ch\/pike\/wp-json\/wp\/v2\/comments?post=403"}],"version-history":[{"count":15,"href":"https:\/\/www.divers-craft.ch\/pike\/wp-json\/wp\/v2\/pages\/403\/revisions"}],"predecessor-version":[{"id":625,"href":"https:\/\/www.divers-craft.ch\/pike\/wp-json\/wp\/v2\/pages\/403\/revisions\/625"}],"wp:attachment":[{"href":"https:\/\/www.divers-craft.ch\/pike\/wp-json\/wp\/v2\/media?parent=403"}],"curies":[{"name":"wp","href":"https:\/\/api.w.org\/{rel}","templated":true}]}}